{"id":5580,"date":"2023-12-10T17:12:42","date_gmt":"2023-12-10T17:12:42","guid":{"rendered":"https:\/\/science-solution.com\/?post_type=product&#038;p=5580"},"modified":"2023-12-10T17:16:42","modified_gmt":"2023-12-10T17:16:42","slug":"optix-diana-10x","status":"publish","type":"product","link":"https:\/\/science-solution.com\/en\/product\/optix-diana-10x\/","title":{"rendered":"OPTIX Diana 10X"},"content":{"rendered":"<div class=\"col-md-12 pl0 product specification\"><\/div>\n<div class=\"col-md-12 pl0 product specification\">\n<p>Az egycs\u00f6ves \u00e9jjell\u00e1t\u00f3 t\u00e1vcs\u0151 <strong>Diana 10X<\/strong> egy megfigyel\u0151 \u00e9jjell\u00e1t\u00f3 k\u00e9sz\u00fcl\u00e9k. Egy\u00e9ni \u00e9jszakai megfigyel\u00e9sre tervezt\u00e9k, \u00f6tsz\u00f6r\u00f6s optikai nagy\u00edt\u00e1ssal \u00e9s 4\u00b0-os teljes l\u00e1t\u00f3mez\u0151vel. Seg\u00edts\u00e9g\u00e9vel a gyeng\u00e9n megvil\u00e1g\u00edtott \u00e9s alacsony kontraszt\u00fa t\u00e1rgyak megtal\u00e1lhat\u00f3k, felismerhet\u0151k \u00e9s azonos\u00edthat\u00f3k. A Diana 10X a spektrum l\u00e1that\u00f3 \u00e9s k\u00f6zeli infrav\u00f6r\u00f6s tartom\u00e1ny\u00e1ban m\u0171k\u00f6dik. A k\u00e9sz\u00fcl\u00e9kkel t\u00f6rt\u00e9n\u0151 megfigyel\u00e9s k\u00e9zben tartva vagy \u00e1llv\u00e1nyra szerelve val\u00f3sul meg. A Diana 10X megfigyel\u00e9sre \u00e9s felder\u00edt\u00e9sre haszn\u00e1lhat\u00f3 sz\u00fcrk\u00fcletben, hajnalban \u00e9s term\u00e9szetes \u00e9jszakai megvil\u00e1g\u00edt\u00e1s mellett.<\/p>\n<p>&nbsp;<\/p>\n<p>&#8211; field observation and patrolling;<\/p>\n<p>&#8211; tactical and strategical surveillance;<\/p>\n<p>&#8211; field reconnaissance.<\/p>\n<p>&nbsp;<\/p>\n<p><strong>Key Characteristics:<\/strong><\/p>\n<ul>\n<li>The device can incorporate different types of 18 mm Image Intensifier tubes<\/li>\n<li>240mm objective\u2019s focal length<\/li>\n<li>Mountable on a tripod<\/li>\n<li>Operates with any type of AA battery<\/li>\n<\/ul>\n<\/div>\n<div class=\"col-md-12 pl0 product specification\">\n<p>&nbsp;<\/p>\n<p><strong style=\"font-size: 16px;\">Click on the link for the full specification:\u00a0<\/strong><\/p>\n<\/div>","protected":false},"excerpt":{"rendered":"<p>Az egycs\u00f6ves \u00e9jjell\u00e1t\u00f3 t\u00e1vcs\u0151 Diana 10X egy megfigyel\u0151 \u00e9jjell\u00e1t\u00f3 k\u00e9sz\u00fcl\u00e9k. Egy\u00e9ni \u00e9jszakai megfigyel\u00e9sre tervezt\u00e9k, \u00f6tsz\u00f6r\u00f6s optikai nagy\u00edt\u00e1ssal \u00e9s 4\u00b0-os teljes l\u00e1t\u00f3mez\u0151vel. Seg\u00edts\u00e9g\u00e9vel a gyeng\u00e9n megvil\u00e1g\u00edtott \u00e9s alacsony kontraszt\u00fa t\u00e1rgyak megtal\u00e1lhat\u00f3k, felismerhet\u0151k \u00e9s azonos\u00edthat\u00f3k. A Diana 10X a spektrum l\u00e1that\u00f3 \u00e9s k\u00f6zeli infrav\u00f6r\u00f6s tartom\u00e1ny\u00e1ban m\u0171k\u00f6dik. A k\u00e9sz\u00fcl\u00e9kkel t\u00f6rt\u00e9n\u0151 megfigyel\u00e9s k\u00e9zben tartva vagy \u00e1llv\u00e1nyra szerelve val\u00f3sul meg. [&hellip;]<\/p>","protected":false},"featured_media":5581,"comment_status":"open","ping_status":"closed","template":"","meta":{"site-sidebar-layout":"default","site-content-layout":"default","ast-site-content-layout":"","site-content-style":"default","site-sidebar-style":"default","ast-global-header-display":"","ast-banner-title-visibility":"","ast-main-header-display":"","ast-hfb-above-header-display":"","ast-hfb-below-header-display":"","ast-hfb-mobile-header-display":"","site-post-title":"","ast-breadcrumbs-content":"","ast-featured-img":"","footer-sml-layout":"","theme-transparent-header-meta":"default","adv-header-id-meta":"","stick-header-meta":"","header-above-stick-meta":"","header-main-stick-meta":"","header-below-stick-meta":"","astra-migrate-meta-layouts":"default","ast-page-background-enabled":"default","ast-page-background-meta":{"desktop":{"background-color":"var(--ast-global-color-4)","background-image":"","background-repeat":"repeat","background-position":"center center","background-size":"auto","background-attachment":"scroll","background-type":"","background-media":"","overlay-type":"","overlay-color":"","overlay-opacity":"","overlay-gradient":""},"tablet":{"background-color":"","background-image":"","background-repeat":"repeat","background-position":"center center","background-size":"auto","background-attachment":"scroll","background-type":"","background-media":"","overlay-type":"","overlay-color":"","overlay-opacity":"","overlay-gradient":""},"mobile":{"background-color":"","background-image":"","background-repeat":"repeat","background-position":"center center","background-size":"auto","background-attachment":"scroll","background-type":"","background-media":"","overlay-type":"","overlay-color":"","overlay-opacity":"","overlay-gradient":""}},"ast-content-background-meta":{"desktop":{"background-color":"var(--ast-global-color-5)","background-image":"","background-repeat":"repeat","background-position":"center center","background-size":"auto","background-attachment":"scroll","background-type":"","background-media":"","overlay-type":"","overlay-color":"","overlay-opacity":"","overlay-gradient":""},"tablet":{"background-color":"var(--ast-global-color-5)","background-image":"","background-repeat":"repeat","background-position":"center center","background-size":"auto","background-attachment":"scroll","background-type":"","background-media":"","overlay-type":"","overlay-color":"","overlay-opacity":"","overlay-gradient":""},"mobile":{"background-color":"var(--ast-global-color-5)","background-image":"","background-repeat":"repeat","background-position":"center center","background-size":"auto","background-attachment":"scroll","background-type":"","background-media":"","overlay-type":"","overlay-color":"","overlay-opacity":"","overlay-gradient":""}},"_jf_save_progress":"","_jf_schedule_form":"","_jf_limit_responses":"","_jet_sm_ready_style":"","_jet_sm_style":"","_jet_sm_controls_values":"","_jet_sm_fonts_collection":"","_jet_sm_fonts_links":""},"product_brand":[],"product_cat":[200,204,211,201],"product_tag":[],"class_list":{"0":"post-5580","1":"product","2":"type-product","3":"status-publish","4":"has-post-thumbnail","6":"product_cat-military-optics","7":"product_cat-optix","8":"product_cat-pgo-7v","9":"product_cat-thermal-vision-devices","10":"desktop-align-left","11":"tablet-align-left","12":"mobile-align-left","14":"first","15":"instock","16":"shipping-taxable","17":"product-type-simple"},"_links":{"self":[{"href":"https:\/\/science-solution.com\/en\/wp-json\/wp\/v2\/product\/5580","targetHints":{"allow":["GET"]}}],"collection":[{"href":"https:\/\/science-solution.com\/en\/wp-json\/wp\/v2\/product"}],"about":[{"href":"https:\/\/science-solution.com\/en\/wp-json\/wp\/v2\/types\/product"}],"replies":[{"embeddable":true,"href":"https:\/\/science-solution.com\/en\/wp-json\/wp\/v2\/comments?post=5580"}],"version-history":[{"count":2,"href":"https:\/\/science-solution.com\/en\/wp-json\/wp\/v2\/product\/5580\/revisions"}],"predecessor-version":[{"id":5583,"href":"https:\/\/science-solution.com\/en\/wp-json\/wp\/v2\/product\/5580\/revisions\/5583"}],"wp:featuredmedia":[{"embeddable":true,"href":"https:\/\/science-solution.com\/en\/wp-json\/wp\/v2\/media\/5581"}],"wp:attachment":[{"href":"https:\/\/science-solution.com\/en\/wp-json\/wp\/v2\/media?parent=5580"}],"wp:term":[{"taxonomy":"product_brand","embeddable":true,"href":"https:\/\/science-solution.com\/en\/wp-json\/wp\/v2\/product_brand?post=5580"},{"taxonomy":"product_cat","embeddable":true,"href":"https:\/\/science-solution.com\/en\/wp-json\/wp\/v2\/product_cat?post=5580"},{"taxonomy":"product_tag","embeddable":true,"href":"https:\/\/science-solution.com\/en\/wp-json\/wp\/v2\/product_tag?post=5580"}],"curies":[{"name":"wp","href":"https:\/\/api.w.org\/{rel}","templated":true}]}}