{"id":2696,"date":"2022-11-21T23:58:39","date_gmt":"2022-11-21T23:58:39","guid":{"rendered":"https:\/\/science-solution.com\/?post_type=product&#038;p=2696"},"modified":"2023-03-22T17:30:48","modified_gmt":"2023-03-22T17:30:48","slug":"ozl-464","status":"publish","type":"product","link":"https:\/\/science-solution.com\/en\/product\/ozl-464\/","title":{"rendered":"OZL 464"},"content":{"rendered":"<p><span style=\"font-weight: 400\"><img decoding=\"async\" class=\"alignnone wp-image-1351\" src=\"https:\/\/science-solution.com\/wp-content\/uploads\/2022\/11\/312129190_1127695444804568_4347683404264645334_n-300x79.jpg\" alt=\"\" width=\"103\" height=\"27\" srcset=\"https:\/\/science-solution.com\/wp-content\/uploads\/2022\/11\/312129190_1127695444804568_4347683404264645334_n-300x79.jpg 300w, https:\/\/science-solution.com\/wp-content\/uploads\/2022\/11\/312129190_1127695444804568_4347683404264645334_n-1024x271.jpg 1024w, https:\/\/science-solution.com\/wp-content\/uploads\/2022\/11\/312129190_1127695444804568_4347683404264645334_n-768x203.jpg 768w, https:\/\/science-solution.com\/wp-content\/uploads\/2022\/11\/312129190_1127695444804568_4347683404264645334_n-600x159.jpg 600w, https:\/\/science-solution.com\/wp-content\/uploads\/2022\/11\/312129190_1127695444804568_4347683404264645334_n.jpg 1120w\" sizes=\"(max-width: 103px) 100vw, 103px\" \/><\/span><\/p>\n<p>The flexible, affordable all-rounder with zoom function for schools, training companies, inspection authorities and laboratories<\/p>\n<ul id=\"kernList1\"><\/ul>\n<ul id=\"kernList1\">\n<li>The products in the KERN OZL-46 series are stereo zoom microscopes, which will impress you with their quality, easy handling, flexibility as well as their stability and economical price<\/li>\n<li>The LED incident and transmitted illumination included as standard guarantees the very best illumination of your sample<\/li>\n<li>The highlight of the KERN OZL 465\/OZL 466is the strong, continuously dimmable, integrated LED ring illumination in the objective housing, which ensures uniform, shadow-free illumination. An LED transmitted light variant is also included<\/li>\n<li>As well as excellent optical characteristics and their large working surface, these models offer the highest level of comfort in this class &#8211; ideal for training companies, workshops as well as assembly and repair workstations, e.g. in the electronics industry<\/li>\n<li>The zoom objective offers you continuous magnification from 7\u00d7\u201345\u00d7<\/li>\n<li>The KERN OZL-46 series is available as a binocular or trinocular version<\/li>\n<li>The pillar stand offers you the highest level of flexibility and the freedom to remove the microscope head and to integrate it into other modular systems, for example into a universal stand<\/li>\n<li>A large selection of eyepieces, external illumination units as well as auxiliary objectives are available as accessories<\/li>\n<li>A protective dust cover, eye cups, as well as multi-lingual user instructions are included in the scope of the delivery<\/li>\n<li>A C-mount adapter is required to connect a camera to the trinocular version<\/li>\n<li>Do you already know our product films?\u00a0<a href=\"https:\/\/youtu.be\/aE20n4LndPo\" target=\"blank\" rel=\"noopener\">OZL-464<\/a>,\u00a0<a href=\"https:\/\/youtu.be\/ifZESu-E9Y4\" target=\"blank\" rel=\"noopener\">OZL-466<\/a>,\u00a0<a href=\"https:\/\/youtu.be\/U4GNROFvLak\" target=\"blank\" rel=\"noopener\">OZL-468<\/a><\/li>\n<\/ul>\n<p>&nbsp;<\/p>\n<div id=\"kernUnterstrichen\">\n<p><u>Scope of application<\/u>In vitro fertilisation, detection of parasites, zoology and botany, tissue preparation, section, quality control<\/p>\n<\/div>\n<div id=\"kernUnterstrichen\">\n<p><u>Applications\/Samples<\/u>Samples with focus on three-dimensional, zoom with variable magnification (depth, thickness), e.g. insects, seeds, circuit boards, components<\/p>\n<\/div>\n<div id=\"kernUnterstrichen\"><u>Technical data<\/u><\/div>\n<ul id=\"kernList1\">\n<li>Optical system: Greenough optics<\/li>\n<li>Brightness adjustable (separate)<\/li>\n<li>Lens barrel 45\u00b0 tilt<\/li>\n<li>Magnification ratio: 6,4:1<\/li>\n<li>Light distribution 50:50<\/li>\n<li>Eye distance: 55.0 &#8211; 75.0 mm<\/li>\n<li>dioptre compensation both sides<\/li>\n<li>Overall dimensions W\u00d7D\u00d7H 300\u00d7240\u00d7420 mm<\/li>\n<li>Net weight approx. 4,085 kg<\/li>\n<\/ul>\n<p>&nbsp;<\/p>\n<p>Tube: Trinocular<\/p>\n<p>Eyepiece: HWF 10\u00d7 \u00d8 20.0 mm<\/p>\n<p>Field of view mm: \u00d8 28.6mm\u20134.4mm<\/p>\n<p>Objective zoom: 0,7 x &#8211; 4,5 x<\/p>\n<p>Stand: Pillar<\/p>\n<p>Illumination: 3W LED (Durchlicht), 3W LED (Auflicht)<\/p>\n<p><span style=\"font-weight: 400\">Detailed specification: <a href=\"https:\/\/science-solution.com\/wp-content\/uploads\/2022\/11\/td-OZL_464_en.pdf\">td-OZL_464_en<\/a><\/span><\/p>\n<ul id=\"kernList1\"><\/ul>\n<ul id=\"kernList1\"><\/ul>\n<ul id=\"kernList1\"><\/ul>\n<ul id=\"kernList1\"><\/ul>\n<ul id=\"kernList1\"><\/ul>\n<ul id=\"kernList1\"><\/ul>\n<ul id=\"kernList1\"><\/ul>\n<ul id=\"kernList1\"><\/ul>\n<ul id=\"kernList1\"><\/ul>\n<ul id=\"kernList1\"><\/ul>","protected":false},"excerpt":{"rendered":"<p>The flexible, affordable all-rounder with zoom function for schools, training companies, inspection authorities and laboratories The products in the KERN OZL-46 series are stereo zoom microscopes, which will impress you with their quality, easy handling, flexibility as well as their stability and economical price The LED incident and transmitted illumination included as standard guarantees the [&hellip;]<\/p>","protected":false},"featured_media":2689,"comment_status":"open","ping_status":"closed","template":"","meta":{"site-sidebar-layout":"default","site-content-layout":"content-boxed-container","ast-site-content-layout":"","site-content-style":"default","site-sidebar-style":"default","ast-global-header-display":"","ast-banner-title-visibility":"","ast-main-header-display":"","ast-hfb-above-header-display":"","ast-hfb-below-header-display":"","ast-hfb-mobile-header-display":"","site-post-title":"","ast-breadcrumbs-content":"","ast-featured-img":"","footer-sml-layout":"","theme-transparent-header-meta":"default","adv-header-id-meta":"","stick-header-meta":"","header-above-stick-meta":"","header-main-stick-meta":"","header-below-stick-meta":"","astra-migrate-meta-layouts":"default","ast-page-background-enabled":"default","ast-page-background-meta":{"desktop":{"background-color":"var(--ast-global-color-4)","background-image":"","background-repeat":"repeat","background-position":"center center","background-size":"auto","background-attachment":"scroll","background-type":"","background-media":"","overlay-type":"","overlay-color":"","overlay-opacity":"","overlay-gradient":""},"tablet":{"background-color":"","background-image":"","background-repeat":"repeat","background-position":"center center","background-size":"auto","background-attachment":"scroll","background-type":"","background-media":"","overlay-type":"","overlay-color":"","overlay-opacity":"","overlay-gradient":""},"mobile":{"background-color":"","background-image":"","background-repeat":"repeat","background-position":"center center","background-size":"auto","background-attachment":"scroll","background-type":"","background-media":"","overlay-type":"","overlay-color":"","overlay-opacity":"","overlay-gradient":""}},"ast-content-background-meta":{"desktop":{"background-color":"var(--ast-global-color-5)","background-image":"","background-repeat":"repeat","background-position":"center center","background-size":"auto","background-attachment":"scroll","background-type":"","background-media":"","overlay-type":"","overlay-color":"","overlay-opacity":"","overlay-gradient":""},"tablet":{"background-color":"var(--ast-global-color-5)","background-image":"","background-repeat":"repeat","background-position":"center center","background-size":"auto","background-attachment":"scroll","background-type":"","background-media":"","overlay-type":"","overlay-color":"","overlay-opacity":"","overlay-gradient":""},"mobile":{"background-color":"var(--ast-global-color-5)","background-image":"","background-repeat":"repeat","background-position":"center center","background-size":"auto","background-attachment":"scroll","background-type":"","background-media":"","overlay-type":"","overlay-color":"","overlay-opacity":"","overlay-gradient":""}},"_jf_save_progress":"","_jf_schedule_form":"","_jf_limit_responses":"","_jet_sm_ready_style":"","_jet_sm_style":"","_jet_sm_controls_values":"","_jet_sm_fonts_collection":"","_jet_sm_fonts_links":""},"product_brand":[],"product_cat":[124,63],"product_tag":[],"class_list":{"0":"post-2696","1":"product","2":"type-product","3":"status-publish","4":"has-post-thumbnail","6":"product_cat-ozl-46","7":"product_cat-sztereomikroszkop","8":"desktop-align-left","9":"tablet-align-left","10":"mobile-align-left","12":"first","13":"instock","14":"shipping-taxable","15":"purchasable","16":"product-type-simple"},"_links":{"self":[{"href":"https:\/\/science-solution.com\/en\/wp-json\/wp\/v2\/product\/2696","targetHints":{"allow":["GET"]}}],"collection":[{"href":"https:\/\/science-solution.com\/en\/wp-json\/wp\/v2\/product"}],"about":[{"href":"https:\/\/science-solution.com\/en\/wp-json\/wp\/v2\/types\/product"}],"replies":[{"embeddable":true,"href":"https:\/\/science-solution.com\/en\/wp-json\/wp\/v2\/comments?post=2696"}],"version-history":[{"count":2,"href":"https:\/\/science-solution.com\/en\/wp-json\/wp\/v2\/product\/2696\/revisions"}],"predecessor-version":[{"id":2710,"href":"https:\/\/science-solution.com\/en\/wp-json\/wp\/v2\/product\/2696\/revisions\/2710"}],"wp:featuredmedia":[{"embeddable":true,"href":"https:\/\/science-solution.com\/en\/wp-json\/wp\/v2\/media\/2689"}],"wp:attachment":[{"href":"https:\/\/science-solution.com\/en\/wp-json\/wp\/v2\/media?parent=2696"}],"wp:term":[{"taxonomy":"product_brand","embeddable":true,"href":"https:\/\/science-solution.com\/en\/wp-json\/wp\/v2\/product_brand?post=2696"},{"taxonomy":"product_cat","embeddable":true,"href":"https:\/\/science-solution.com\/en\/wp-json\/wp\/v2\/product_cat?post=2696"},{"taxonomy":"product_tag","embeddable":true,"href":"https:\/\/science-solution.com\/en\/wp-json\/wp\/v2\/product_tag?post=2696"}],"curies":[{"name":"wp","href":"https:\/\/api.w.org\/{rel}","templated":true}]}}