{"id":11644,"date":"2024-10-01T02:22:03","date_gmt":"2024-10-01T02:22:03","guid":{"rendered":"https:\/\/science-solution.com\/?post_type=product&#038;p=11644"},"modified":"2024-10-01T02:24:11","modified_gmt":"2024-10-01T02:24:11","slug":"optix-diana-single-tube-night-vision-goggles","status":"publish","type":"product","link":"https:\/\/science-solution.com\/en\/product\/optix-diana-single-tube-night-vision-goggles\/","title":{"rendered":"OPTIX DIANA &#8211; Single Tube Night Vision Goggles"},"content":{"rendered":"<p><strong><span>Az OPTIX egycs\u00f6ves \u00e9jjell\u00e1t\u00f3 szem\u00fcveg A DIANA<\/span><\/strong><span>\u00a0egy \u00e9jjell\u00e1t\u00f3 k\u00e9sz\u00fcl\u00e9k, amelyet katonai \u00e9s rend\u00e9szeti speci\u00e1lis\u00a0<\/span>\u00a0<span>egys\u00e9gek sz\u00e1m\u00e1ra terveztek. Haszn\u00e1lhat\u00f3 k\u00e9zben, sisakra vagy a felhaszn\u00e1l\u00f3 fej\u00e9re r\u00f6gz\u00edtve. A k\u00e9sz\u00fcl\u00e9k lehet\u0151v\u00e9 teszi afok\u00e1lis nagy\u00edt\u00f3k felszerel\u00e9s\u00e9t is az objekt\u00edv el\u00e9, amelyek 3x, 4x vagy 5x-re n\u00f6velhetik a k\u00e9sz\u00fcl\u00e9k nagy\u00edt\u00e1s\u00e1t.<\/span><\/p>\n<p>&nbsp;<\/p>\n<div class=\"specTitle\">\n<div class=\"col-md-9 pl0\"><strong>A DIANA egycs\u00f6ves \u00e9jjell\u00e1t\u00f3 szem\u00fcveg a k\u00f6vetkez\u0151 feladatokat tudja ell\u00e1tni:<\/strong><\/div>\n<\/div>\n<div class=\"col-md-12 pl0 mt20\">\n<div class=\"col-md-3 blueLine\"><\/div>\n<\/div>\n<p>&nbsp;<\/p>\n<div class=\"col-md-12 pl0 product specification\">\n<p><span>&#8211; terepi megfigyel\u00e9s \u00e9s j\u00e1r\u0151r\u00f6z\u00e9s;<\/span><\/p>\n<p><span>&#8211; taktikai \u00e9s strat\u00e9giai fel\u00fcgyelet;<\/span><\/p>\n<p><span>&#8211; terepfelder\u00edt\u00e9s.<\/span><\/p>\n<p><strong><span>Main features:<\/span><\/strong><\/p>\n<ul>\n<li><span>A k\u00e9sz\u00fcl\u00e9k k\u00fcl\u00f6nb\u00f6z\u0151 t\u00edpus\u00fa 18 mm-es k\u00e9per\u0151s\u00edt\u0151 cs\u00f6veket tartalmazhat<\/span><\/li>\n<li><span>23,8 mm-es objekt\u00edv gy\u00fajt\u00f3t\u00e1vols\u00e1ga<\/span><\/li>\n<li><span>Nagyobb l\u00e1t\u00f3mez\u0151vel rendelkezik, mint a legink\u00e1bb hasonl\u00f3 term\u00e9kek<\/span><\/li>\n<li><span>B\u00e1rmilyen AA t\u00edpus\u00fa elemmel m\u0171k\u00f6dik<\/span><\/li>\n<li><span>IR megvil\u00e1g\u00edt\u00f3t tartalmaz a h\u00e1zba<\/span><\/li>\n<li><span>Kombin\u00e1lhat\u00f3 afok\u00e1lis nagy\u00edt\u00f3kkal \u00e9s \u00e1talak\u00edthat\u00f3 nagy hat\u00f3t\u00e1vols\u00e1g\u00fa megfigyel\u0151eszk\u00f6zz\u00e9<\/span><\/li>\n<\/ul>\n<\/div>","protected":false},"excerpt":{"rendered":"<p>Az OPTIX egycs\u00f6ves \u00e9jjell\u00e1t\u00f3 szem\u00fcveg A DIANA\u00a0egy \u00e9jjell\u00e1t\u00f3 k\u00e9sz\u00fcl\u00e9k, amelyet katonai \u00e9s rend\u00e9szeti speci\u00e1lis\u00a0\u00a0egys\u00e9gek sz\u00e1m\u00e1ra terveztek. Haszn\u00e1lhat\u00f3 k\u00e9zben, sisakra vagy a felhaszn\u00e1l\u00f3 fej\u00e9re r\u00f6gz\u00edtve. A k\u00e9sz\u00fcl\u00e9k lehet\u0151v\u00e9 teszi afok\u00e1lis nagy\u00edt\u00f3k felszerel\u00e9s\u00e9t is az objekt\u00edv el\u00e9, amelyek 3x, 4x vagy 5x-re n\u00f6velhetik a k\u00e9sz\u00fcl\u00e9k nagy\u00edt\u00e1s\u00e1t. &nbsp; A DIANA egycs\u00f6ves \u00e9jjell\u00e1t\u00f3 szem\u00fcveg a k\u00f6vetkez\u0151 feladatokat tudja ell\u00e1tni: [&hellip;]<\/p>","protected":false},"featured_media":11645,"comment_status":"open","ping_status":"closed","template":"","meta":{"site-sidebar-layout":"default","site-content-layout":"default","ast-site-content-layout":"default","site-content-style":"default","site-sidebar-style":"default","ast-global-header-display":"","ast-banner-title-visibility":"","ast-main-header-display":"","ast-hfb-above-header-display":"","ast-hfb-below-header-display":"","ast-hfb-mobile-header-display":"","site-post-title":"","ast-breadcrumbs-content":"","ast-featured-img":"","footer-sml-layout":"","theme-transparent-header-meta":"default","adv-header-id-meta":"","stick-header-meta":"","header-above-stick-meta":"","header-main-stick-meta":"","header-below-stick-meta":"","astra-migrate-meta-layouts":"set","ast-page-background-enabled":"default","ast-page-background-meta":{"desktop":{"background-color":"var(--ast-global-color-4)","background-image":"","background-repeat":"repeat","background-position":"center center","background-size":"auto","background-attachment":"scroll","background-type":"","background-media":"","overlay-type":"","overlay-color":"","overlay-opacity":"","overlay-gradient":""},"tablet":{"background-color":"","background-image":"","background-repeat":"repeat","background-position":"center center","background-size":"auto","background-attachment":"scroll","background-type":"","background-media":"","overlay-type":"","overlay-color":"","overlay-opacity":"","overlay-gradient":""},"mobile":{"background-color":"","background-image":"","background-repeat":"repeat","background-position":"center center","background-size":"auto","background-attachment":"scroll","background-type":"","background-media":"","overlay-type":"","overlay-color":"","overlay-opacity":"","overlay-gradient":""}},"ast-content-background-meta":{"desktop":{"background-color":"var(--ast-global-color-5)","background-image":"","background-repeat":"repeat","background-position":"center center","background-size":"auto","background-attachment":"scroll","background-type":"","background-media":"","overlay-type":"","overlay-color":"","overlay-opacity":"","overlay-gradient":""},"tablet":{"background-color":"var(--ast-global-color-5)","background-image":"","background-repeat":"repeat","background-position":"center center","background-size":"auto","background-attachment":"scroll","background-type":"","background-media":"","overlay-type":"","overlay-color":"","overlay-opacity":"","overlay-gradient":""},"mobile":{"background-color":"var(--ast-global-color-5)","background-image":"","background-repeat":"repeat","background-position":"center center","background-size":"auto","background-attachment":"scroll","background-type":"","background-media":"","overlay-type":"","overlay-color":"","overlay-opacity":"","overlay-gradient":""}},"_jf_save_progress":"","_jf_schedule_form":"","_jf_limit_responses":"","_jet_sm_ready_style":"","_jet_sm_style":"","_jet_sm_controls_values":"","_jet_sm_fonts_collection":"","_jet_sm_fonts_links":""},"product_brand":[],"product_cat":[200,296,204],"product_tag":[],"class_list":{"0":"post-11644","1":"product","2":"type-product","3":"status-publish","4":"has-post-thumbnail","6":"product_cat-military-optics","7":"product_cat-night-vision-observation-devices","8":"product_cat-optix","9":"desktop-align-left","10":"tablet-align-left","11":"mobile-align-left","13":"first","14":"instock","15":"shipping-taxable","16":"product-type-simple"},"_links":{"self":[{"href":"https:\/\/science-solution.com\/en\/wp-json\/wp\/v2\/product\/11644","targetHints":{"allow":["GET"]}}],"collection":[{"href":"https:\/\/science-solution.com\/en\/wp-json\/wp\/v2\/product"}],"about":[{"href":"https:\/\/science-solution.com\/en\/wp-json\/wp\/v2\/types\/product"}],"replies":[{"embeddable":true,"href":"https:\/\/science-solution.com\/en\/wp-json\/wp\/v2\/comments?post=11644"}],"version-history":[{"count":1,"href":"https:\/\/science-solution.com\/en\/wp-json\/wp\/v2\/product\/11644\/revisions"}],"predecessor-version":[{"id":11648,"href":"https:\/\/science-solution.com\/en\/wp-json\/wp\/v2\/product\/11644\/revisions\/11648"}],"wp:featuredmedia":[{"embeddable":true,"href":"https:\/\/science-solution.com\/en\/wp-json\/wp\/v2\/media\/11645"}],"wp:attachment":[{"href":"https:\/\/science-solution.com\/en\/wp-json\/wp\/v2\/media?parent=11644"}],"wp:term":[{"taxonomy":"product_brand","embeddable":true,"href":"https:\/\/science-solution.com\/en\/wp-json\/wp\/v2\/product_brand?post=11644"},{"taxonomy":"product_cat","embeddable":true,"href":"https:\/\/science-solution.com\/en\/wp-json\/wp\/v2\/product_cat?post=11644"},{"taxonomy":"product_tag","embeddable":true,"href":"https:\/\/science-solution.com\/en\/wp-json\/wp\/v2\/product_tag?post=11644"}],"curies":[{"name":"wp","href":"https:\/\/api.w.org\/{rel}","templated":true}]}}