{"id":11618,"date":"2024-10-01T01:00:39","date_gmt":"2024-10-01T01:00:39","guid":{"rendered":"https:\/\/science-solution.com\/?post_type=product&#038;p=11618"},"modified":"2024-10-01T01:04:19","modified_gmt":"2024-10-01T01:04:19","slug":"optix-nva-10-night-vision-clip-on-device","status":"publish","type":"product","link":"https:\/\/science-solution.com\/en\/product\/optix-nva-10-night-vision-clip-on-device\/","title":{"rendered":"OPTIX NVA-10- Night Vision Clip-on Device"},"content":{"rendered":"<p>Az OPTIX NVA-10 egy cs\u00edptet\u0151s eszk\u00f6z, amelyet a fegyverplatformra m\u00e1r felszerelt nappali c\u00e9lt\u00e1vcs\u00f6vekhez terveztek. A nappali c\u00e9lt\u00e1vcs\u00f6vet k\u00e9pes \u00e9jjell\u00e1t\u00f3 rendszerr\u00e9 alak\u00edtja, \u00e9s kifejezetten l\u00f6v\u00e9szek \u00e9s mesterl\u00f6v\u00e9sz csapatok sz\u00e1m\u00e1ra k\u00e9sz\u00fclt katonai \u00e9s rend\u00e9szeti k\u00f6rnyezetben. Az NVA-10 haszn\u00e1lhat\u00f3 rohampusk\u00e1kkal, mesterl\u00f6v\u00e9sz pusk\u00e1kkal \u00e9s b\u00e1rmilyen hossz\u00fa MIL-STD-1913 s\u00ednnel rendelkez\u0151 platformon. A k\u00e9sz\u00fcl\u00e9k nem ig\u00e9nyel tov\u00e1bbi be\u00e1ll\u00edt\u00e1st a c\u00e9lt\u00e1vcs\u0151nek megfelel\u0151en. A t\u00e1vcs\u0151 el\u00e9 biztons\u00e1gos r\u00f6gz\u00edt\u00e9s ut\u00e1n a rendszer haszn\u00e1latra k\u00e9sz.<\/p>\n<p>&nbsp;<\/p>\n<div class=\"specTitle\">\n<div class=\"col-md-9 pl0\"><strong>Az NVA-10 Night Vision Attachment a k\u00f6vetkez\u0151 feladatokat tudja ell\u00e1tni:<\/strong><\/div>\n<\/div>\n<div class=\"col-md-12 pl0 mt20\">\n<div class=\"col-md-3 blueLine\"><\/div>\n<\/div>\n<p>&nbsp;<\/p>\n<div class=\"col-md-12 pl0 product specification\">\n<p><span>&#8211; C\u00e9lszerz\u00e9s;<\/span><br \/>\n<span>&#8211; Terepi felder\u00edt\u00e9s;<\/span><br \/>\n<span>&#8211; Taktikai \u00e9s strat\u00e9giai fel\u00fcgyelet.<\/span><\/p>\n<p><strong><span>Main features:<\/span><\/strong><\/p>\n<ul>\n<li><span>A k\u00e9sz\u00fcl\u00e9k k\u00fcl\u00f6nb\u00f6z\u0151 t\u00edpus\u00fa 18 mm-es k\u00e9per\u0151s\u00edt\u0151 cs\u00f6veket tartalmazhat<\/span><\/li>\n<li><span>K\u00f6nny\u0171 haszn\u00e1lat \u2013 \u201eszereld fel \u00e9s l\u0151j\u201d<\/span><\/li>\n<li><span>98 mm-es objekt\u00edv gy\u00fajt\u00f3t\u00e1vols\u00e1ga<\/span><\/li>\n<li><span>A h\u00e1z h\u00e1tulj\u00e1n tal\u00e1lhat\u00f3 kezel\u0151szervek a k\u00f6nnyebb kezel\u00e9s \u00e9rdek\u00e9ben<\/span><\/li>\n<li><span>B\u00e1rmilyen AA t\u00edpus\u00fa elemmel m\u0171k\u00f6dik<\/span><\/li>\n<li><span>Manu\u00e1lis er\u0151s\u00edt\u00e9sszab\u00e1lyoz\u00e1s opci\u00f3k\u00e9nt<\/span><\/li>\n<li><span>Tart\u00f3s h\u00e1z \u00e9s kialak\u00edt\u00e1s, amely a legkem\u00e9nyebb kalibereknek is ellen\u00e1ll.<\/span><\/li>\n<\/ul>\n<\/div>","protected":false},"excerpt":{"rendered":"<p>Az OPTIX NVA-10 egy cs\u00edptet\u0151s eszk\u00f6z, amelyet a fegyverplatformra m\u00e1r felszerelt nappali c\u00e9lt\u00e1vcs\u00f6vekhez terveztek. A nappali c\u00e9lt\u00e1vcs\u00f6vet k\u00e9pes \u00e9jjell\u00e1t\u00f3 rendszerr\u00e9 alak\u00edtja, \u00e9s kifejezetten l\u00f6v\u00e9szek \u00e9s mesterl\u00f6v\u00e9sz csapatok sz\u00e1m\u00e1ra k\u00e9sz\u00fclt katonai \u00e9s rend\u00e9szeti k\u00f6rnyezetben. Az NVA-10 haszn\u00e1lhat\u00f3 rohampusk\u00e1kkal, mesterl\u00f6v\u00e9sz pusk\u00e1kkal \u00e9s b\u00e1rmilyen hossz\u00fa MIL-STD-1913 s\u00ednnel rendelkez\u0151 platformon. A k\u00e9sz\u00fcl\u00e9k nem ig\u00e9nyel tov\u00e1bbi be\u00e1ll\u00edt\u00e1st a c\u00e9lt\u00e1vcs\u0151nek megfelel\u0151en. [&hellip;]<\/p>","protected":false},"featured_media":11619,"comment_status":"open","ping_status":"closed","template":"","meta":{"site-sidebar-layout":"default","site-content-layout":"default","ast-site-content-layout":"default","site-content-style":"default","site-sidebar-style":"default","ast-global-header-display":"","ast-banner-title-visibility":"","ast-main-header-display":"","ast-hfb-above-header-display":"","ast-hfb-below-header-display":"","ast-hfb-mobile-header-display":"","site-post-title":"","ast-breadcrumbs-content":"","ast-featured-img":"","footer-sml-layout":"","theme-transparent-header-meta":"default","adv-header-id-meta":"","stick-header-meta":"","header-above-stick-meta":"","header-main-stick-meta":"","header-below-stick-meta":"","astra-migrate-meta-layouts":"set","ast-page-background-enabled":"default","ast-page-background-meta":{"desktop":{"background-color":"var(--ast-global-color-4)","background-image":"","background-repeat":"repeat","background-position":"center center","background-size":"auto","background-attachment":"scroll","background-type":"","background-media":"","overlay-type":"","overlay-color":"","overlay-opacity":"","overlay-gradient":""},"tablet":{"background-color":"","background-image":"","background-repeat":"repeat","background-position":"center center","background-size":"auto","background-attachment":"scroll","background-type":"","background-media":"","overlay-type":"","overlay-color":"","overlay-opacity":"","overlay-gradient":""},"mobile":{"background-color":"","background-image":"","background-repeat":"repeat","background-position":"center center","background-size":"auto","background-attachment":"scroll","background-type":"","background-media":"","overlay-type":"","overlay-color":"","overlay-opacity":"","overlay-gradient":""}},"ast-content-background-meta":{"desktop":{"background-color":"var(--ast-global-color-5)","background-image":"","background-repeat":"repeat","background-position":"center center","background-size":"auto","background-attachment":"scroll","background-type":"","background-media":"","overlay-type":"","overlay-color":"","overlay-opacity":"","overlay-gradient":""},"tablet":{"background-color":"var(--ast-global-color-5)","background-image":"","background-repeat":"repeat","background-position":"center center","background-size":"auto","background-attachment":"scroll","background-type":"","background-media":"","overlay-type":"","overlay-color":"","overlay-opacity":"","overlay-gradient":""},"mobile":{"background-color":"var(--ast-global-color-5)","background-image":"","background-repeat":"repeat","background-position":"center center","background-size":"auto","background-attachment":"scroll","background-type":"","background-media":"","overlay-type":"","overlay-color":"","overlay-opacity":"","overlay-gradient":""}},"_jf_save_progress":"","_jf_schedule_form":"","_jf_limit_responses":"","_jet_sm_ready_style":"","_jet_sm_style":"","_jet_sm_controls_values":"","_jet_sm_fonts_collection":"","_jet_sm_fonts_links":""},"product_brand":[],"product_cat":[200,295,204],"product_tag":[],"class_list":{"0":"post-11618","1":"product","2":"type-product","3":"status-publish","4":"has-post-thumbnail","6":"product_cat-military-optics","7":"product_cat-night-vision-sight","8":"product_cat-optix","9":"desktop-align-left","10":"tablet-align-left","11":"mobile-align-left","13":"first","14":"instock","15":"shipping-taxable","16":"product-type-simple"},"_links":{"self":[{"href":"https:\/\/science-solution.com\/en\/wp-json\/wp\/v2\/product\/11618","targetHints":{"allow":["GET"]}}],"collection":[{"href":"https:\/\/science-solution.com\/en\/wp-json\/wp\/v2\/product"}],"about":[{"href":"https:\/\/science-solution.com\/en\/wp-json\/wp\/v2\/types\/product"}],"replies":[{"embeddable":true,"href":"https:\/\/science-solution.com\/en\/wp-json\/wp\/v2\/comments?post=11618"}],"version-history":[{"count":1,"href":"https:\/\/science-solution.com\/en\/wp-json\/wp\/v2\/product\/11618\/revisions"}],"predecessor-version":[{"id":11623,"href":"https:\/\/science-solution.com\/en\/wp-json\/wp\/v2\/product\/11618\/revisions\/11623"}],"wp:featuredmedia":[{"embeddable":true,"href":"https:\/\/science-solution.com\/en\/wp-json\/wp\/v2\/media\/11619"}],"wp:attachment":[{"href":"https:\/\/science-solution.com\/en\/wp-json\/wp\/v2\/media?parent=11618"}],"wp:term":[{"taxonomy":"product_brand","embeddable":true,"href":"https:\/\/science-solution.com\/en\/wp-json\/wp\/v2\/product_brand?post=11618"},{"taxonomy":"product_cat","embeddable":true,"href":"https:\/\/science-solution.com\/en\/wp-json\/wp\/v2\/product_cat?post=11618"},{"taxonomy":"product_tag","embeddable":true,"href":"https:\/\/science-solution.com\/en\/wp-json\/wp\/v2\/product_tag?post=11618"}],"curies":[{"name":"wp","href":"https:\/\/api.w.org\/{rel}","templated":true}]}}