{"id":3809,"date":"2023-02-06T07:47:32","date_gmt":"2023-02-06T07:47:32","guid":{"rendered":"https:\/\/science-solution.com\/?page_id=3809"},"modified":"2024-09-26T00:45:05","modified_gmt":"2024-09-26T00:45:05","slug":"laboratoriumi-merlegek","status":"publish","type":"page","link":"https:\/\/science-solution.com\/en\/laboratoriumi-merlegek\/","title":{"rendered":"Laboratory scales"},"content":{"rendered":"<div data-elementor-type=\"wp-page\" data-elementor-id=\"3809\" class=\"elementor elementor-3809\">\n\t\t\t\t\t\t<section class=\"elementor-section elementor-top-section elementor-element elementor-element-143cdf3 elementor-section-boxed elementor-section-height-default elementor-section-height-default\" data-id=\"143cdf3\" data-element_type=\"section\" data-e-type=\"section\" data-settings=\"{&quot;background_background&quot;:&quot;classic&quot;,&quot;jet_parallax_layout_list&quot;:[]}\">\n\t\t\t\t\t\t\t<div class=\"elementor-background-overlay\"><\/div>\n\t\t\t\t\t\t\t<div class=\"elementor-container elementor-column-gap-default\">\n\t\t\t\t\t<div class=\"elementor-column elementor-col-100 elementor-top-column elementor-element elementor-element-2b875b8\" data-id=\"2b875b8\" data-element_type=\"column\" data-e-type=\"column\">\n\t\t\t<div class=\"elementor-widget-wrap elementor-element-populated\">\n\t\t\t\t\t\t<div class=\"elementor-element elementor-element-8a42896 elementor-widget elementor-widget-heading\" data-id=\"8a42896\" data-element_type=\"widget\" data-e-type=\"widget\" data-widget_type=\"heading.default\">\n\t\t\t\t<div class=\"elementor-widget-container\">\n\t\t\t\t\t<h1 class=\"elementor-heading-title elementor-size-default\">Laboratory and Industrial Scales<\/h1>\t\t\t\t<\/div>\n\t\t\t\t<\/div>\n\t\t\t\t\t<\/div>\n\t\t<\/div>\n\t\t\t\t\t<\/div>\n\t\t<\/section>\n\t\t\t\t<section class=\"elementor-section elementor-top-section elementor-element elementor-element-bb347fd elementor-section-boxed elementor-section-height-default elementor-section-height-default\" data-id=\"bb347fd\" data-element_type=\"section\" data-e-type=\"section\" data-settings=\"{&quot;jet_parallax_layout_list&quot;:[]}\">\n\t\t\t\t\t\t<div class=\"elementor-container elementor-column-gap-default\">\n\t\t\t\t\t<div class=\"elementor-column elementor-col-33 elementor-top-column elementor-element elementor-element-fcac758\" data-id=\"fcac758\" data-element_type=\"column\" data-e-type=\"column\">\n\t\t\t<div class=\"elementor-widget-wrap elementor-element-populated\">\n\t\t\t\t\t\t<div class=\"elementor-element elementor-element-ac88b82 elementor-widget elementor-widget-image\" data-id=\"ac88b82\" data-element_type=\"widget\" data-e-type=\"widget\" data-widget_type=\"image.default\">\n\t\t\t\t<div class=\"elementor-widget-container\">\n\t\t\t\t\t\t\t\t\t\t\t\t\t\t\t\t<a href=\"https:\/\/science-solution.com\/en\/analitikai-merlegek\/\">\n\t\t\t\t\t\t\t<img fetchpriority=\"high\" decoding=\"async\" width=\"692\" height=\"692\" src=\"https:\/\/science-solution.com\/wp-content\/uploads\/2024\/09\/ALJ-200-5DA.png\" class=\"elementor-animation-shrink attachment-large size-large wp-image-11134\" alt=\"\" srcset=\"https:\/\/science-solution.com\/wp-content\/uploads\/2024\/09\/ALJ-200-5DA.png 692w, https:\/\/science-solution.com\/wp-content\/uploads\/2024\/09\/ALJ-200-5DA-300x300.png 300w, https:\/\/science-solution.com\/wp-content\/uploads\/2024\/09\/ALJ-200-5DA-150x150.png 150w, https:\/\/science-solution.com\/wp-content\/uploads\/2024\/09\/ALJ-200-5DA-12x12.png 12w, https:\/\/science-solution.com\/wp-content\/uploads\/2024\/09\/ALJ-200-5DA-600x600.png 600w, https:\/\/science-solution.com\/wp-content\/uploads\/2024\/09\/ALJ-200-5DA-100x100.png 100w\" sizes=\"(max-width: 692px) 100vw, 692px\" \/>\t\t\t\t\t\t\t\t<\/a>\n\t\t\t\t\t\t\t\t\t\t\t\t\t\t\t<\/div>\n\t\t\t\t<\/div>\n\t\t\t\t<div class=\"elementor-element elementor-element-4b9c6ca elementor-widget elementor-widget-heading\" data-id=\"4b9c6ca\" data-element_type=\"widget\" data-e-type=\"widget\" data-widget_type=\"heading.default\">\n\t\t\t\t<div class=\"elementor-widget-container\">\n\t\t\t\t\t<h6 class=\"elementor-heading-title elementor-size-default\"><a href=\"https:\/\/science-solution.com\/en\/analitikai-merlegek\/\">Analytical balances<\/a><\/h6>\t\t\t\t<\/div>\n\t\t\t\t<\/div>\n\t\t\t\t\t<\/div>\n\t\t<\/div>\n\t\t\t\t<div class=\"elementor-column elementor-col-33 elementor-top-column elementor-element elementor-element-add7f51\" data-id=\"add7f51\" data-element_type=\"column\" data-e-type=\"column\">\n\t\t\t<div class=\"elementor-widget-wrap elementor-element-populated\">\n\t\t\t\t\t\t<div class=\"elementor-element elementor-element-e8746a9 elementor-widget elementor-widget-image\" data-id=\"e8746a9\" data-element_type=\"widget\" data-e-type=\"widget\" data-widget_type=\"image.default\">\n\t\t\t\t<div class=\"elementor-widget-container\">\n\t\t\t\t\t\t\t\t\t\t\t\t\t\t\t\t<a href=\"https:\/\/science-solution.com\/en\/nedvesseg-meghatarozo-merlegek\/\">\n\t\t\t\t\t\t\t<img decoding=\"async\" width=\"766\" height=\"766\" src=\"https:\/\/science-solution.com\/wp-content\/uploads\/2024\/09\/DAB-100-3.png\" class=\"elementor-animation-shrink attachment-large size-large wp-image-11138\" alt=\"\" srcset=\"https:\/\/science-solution.com\/wp-content\/uploads\/2024\/09\/DAB-100-3.png 766w, https:\/\/science-solution.com\/wp-content\/uploads\/2024\/09\/DAB-100-3-300x300.png 300w, https:\/\/science-solution.com\/wp-content\/uploads\/2024\/09\/DAB-100-3-150x150.png 150w, https:\/\/science-solution.com\/wp-content\/uploads\/2024\/09\/DAB-100-3-12x12.png 12w, https:\/\/science-solution.com\/wp-content\/uploads\/2024\/09\/DAB-100-3-600x600.png 600w, https:\/\/science-solution.com\/wp-content\/uploads\/2024\/09\/DAB-100-3-100x100.png 100w\" sizes=\"(max-width: 766px) 100vw, 766px\" \/>\t\t\t\t\t\t\t\t<\/a>\n\t\t\t\t\t\t\t\t\t\t\t\t\t\t\t<\/div>\n\t\t\t\t<\/div>\n\t\t\t\t<div class=\"elementor-element elementor-element-97f716a elementor-widget elementor-widget-heading\" data-id=\"97f716a\" data-element_type=\"widget\" data-e-type=\"widget\" data-widget_type=\"heading.default\">\n\t\t\t\t<div class=\"elementor-widget-container\">\n\t\t\t\t\t<h6 class=\"elementor-heading-title elementor-size-default\"><a href=\"https:\/\/science-solution.com\/en\/laboratoriumi-merlegek\/\">Moisture analyser<\/a><\/h6>\t\t\t\t<\/div>\n\t\t\t\t<\/div>\n\t\t\t\t\t<\/div>\n\t\t<\/div>\n\t\t\t\t<div class=\"elementor-column elementor-col-33 elementor-top-column elementor-element elementor-element-ab5881f\" data-id=\"ab5881f\" data-element_type=\"column\" data-e-type=\"column\">\n\t\t\t<div class=\"elementor-widget-wrap elementor-element-populated\">\n\t\t\t\t\t\t<div class=\"elementor-element elementor-element-b6ab434 elementor-widget elementor-widget-image\" data-id=\"b6ab434\" data-element_type=\"widget\" data-e-type=\"widget\" data-widget_type=\"image.default\">\n\t\t\t\t<div class=\"elementor-widget-container\">\n\t\t\t\t\t\t\t\t\t\t\t\t\t\t\t\t<a href=\"https:\/\/science-solution.com\/en\/ipari-kivitelu-merlegek\/\">\n\t\t\t\t\t\t\t<img decoding=\"async\" width=\"772\" height=\"772\" src=\"https:\/\/science-solution.com\/wp-content\/uploads\/2024\/09\/TFKB-16K-4-A.png\" class=\"elementor-animation-shrink attachment-large size-large wp-image-11143\" alt=\"\" srcset=\"https:\/\/science-solution.com\/wp-content\/uploads\/2024\/09\/TFKB-16K-4-A.png 772w, https:\/\/science-solution.com\/wp-content\/uploads\/2024\/09\/TFKB-16K-4-A-300x300.png 300w, https:\/\/science-solution.com\/wp-content\/uploads\/2024\/09\/TFKB-16K-4-A-150x150.png 150w, https:\/\/science-solution.com\/wp-content\/uploads\/2024\/09\/TFKB-16K-4-A-768x768.png 768w, https:\/\/science-solution.com\/wp-content\/uploads\/2024\/09\/TFKB-16K-4-A-12x12.png 12w, https:\/\/science-solution.com\/wp-content\/uploads\/2024\/09\/TFKB-16K-4-A-600x600.png 600w, https:\/\/science-solution.com\/wp-content\/uploads\/2024\/09\/TFKB-16K-4-A-100x100.png 100w\" sizes=\"(max-width: 772px) 100vw, 772px\" \/>\t\t\t\t\t\t\t\t<\/a>\n\t\t\t\t\t\t\t\t\t\t\t\t\t\t\t<\/div>\n\t\t\t\t<\/div>\n\t\t\t\t<div class=\"elementor-element elementor-element-1049d1a elementor-widget elementor-widget-heading\" data-id=\"1049d1a\" data-element_type=\"widget\" data-e-type=\"widget\" data-widget_type=\"heading.default\">\n\t\t\t\t<div class=\"elementor-widget-container\">\n\t\t\t\t\t<h6 class=\"elementor-heading-title elementor-size-default\"><a href=\"https:\/\/science-solution.com\/en\/ipari-kivitelu-merlegek\/\">Industrial scales<\/a><\/h6>\t\t\t\t<\/div>\n\t\t\t\t<\/div>\n\t\t\t\t\t<\/div>\n\t\t<\/div>\n\t\t\t\t\t<\/div>\n\t\t<\/section>\n\t\t\t\t<section class=\"elementor-section elementor-top-section elementor-element elementor-element-2768008 elementor-section-boxed elementor-section-height-default elementor-section-height-default\" data-id=\"2768008\" data-element_type=\"section\" data-e-type=\"section\" data-settings=\"{&quot;jet_parallax_layout_list&quot;:[]}\">\n\t\t\t\t\t\t<div class=\"elementor-container elementor-column-gap-default\">\n\t\t\t\t\t<div class=\"elementor-column elementor-col-33 elementor-top-column elementor-element elementor-element-3b90387\" data-id=\"3b90387\" data-element_type=\"column\" data-e-type=\"column\">\n\t\t\t<div class=\"elementor-widget-wrap elementor-element-populated\">\n\t\t\t\t\t\t<div class=\"elementor-element elementor-element-53ded51 elementor-widget elementor-widget-image\" data-id=\"53ded51\" data-element_type=\"widget\" data-e-type=\"widget\" data-widget_type=\"image.default\">\n\t\t\t\t<div class=\"elementor-widget-container\">\n\t\t\t\t\t\t\t\t\t\t\t\t\t\t\t\t<a href=\"https:\/\/science-solution.com\/en\/precizios-merlegek\/\">\n\t\t\t\t\t\t\t<img loading=\"lazy\" decoding=\"async\" width=\"866\" height=\"866\" src=\"https:\/\/science-solution.com\/wp-content\/uploads\/2024\/09\/PES-31000-1M.png\" class=\"elementor-animation-shrink attachment-large size-large wp-image-11139\" alt=\"\" srcset=\"https:\/\/science-solution.com\/wp-content\/uploads\/2024\/09\/PES-31000-1M.png 866w, https:\/\/science-solution.com\/wp-content\/uploads\/2024\/09\/PES-31000-1M-300x300.png 300w, https:\/\/science-solution.com\/wp-content\/uploads\/2024\/09\/PES-31000-1M-150x150.png 150w, https:\/\/science-solution.com\/wp-content\/uploads\/2024\/09\/PES-31000-1M-768x768.png 768w, https:\/\/science-solution.com\/wp-content\/uploads\/2024\/09\/PES-31000-1M-12x12.png 12w, https:\/\/science-solution.com\/wp-content\/uploads\/2024\/09\/PES-31000-1M-600x600.png 600w, https:\/\/science-solution.com\/wp-content\/uploads\/2024\/09\/PES-31000-1M-100x100.png 100w\" sizes=\"(max-width: 866px) 100vw, 866px\" \/>\t\t\t\t\t\t\t\t<\/a>\n\t\t\t\t\t\t\t\t\t\t\t\t\t\t\t<\/div>\n\t\t\t\t<\/div>\n\t\t\t\t<div class=\"elementor-element elementor-element-3b0bf43 elementor-widget elementor-widget-heading\" data-id=\"3b0bf43\" data-element_type=\"widget\" data-e-type=\"widget\" data-widget_type=\"heading.default\">\n\t\t\t\t<div class=\"elementor-widget-container\">\n\t\t\t\t\t<h6 class=\"elementor-heading-title elementor-size-default\"><a href=\"https:\/\/science-solution.com\/en\/precizios-merlegek\/\">Precision balances<\/a><\/h6>\t\t\t\t<\/div>\n\t\t\t\t<\/div>\n\t\t\t\t\t<\/div>\n\t\t<\/div>\n\t\t\t\t<div class=\"elementor-column elementor-col-33 elementor-top-column elementor-element elementor-element-d7242c1\" data-id=\"d7242c1\" data-element_type=\"column\" data-e-type=\"column\">\n\t\t\t<div class=\"elementor-widget-wrap\">\n\t\t\t\t\t\t\t<\/div>\n\t\t<\/div>\n\t\t\t\t<div class=\"elementor-column elementor-col-33 elementor-top-column elementor-element elementor-element-52ef1e3\" data-id=\"52ef1e3\" data-element_type=\"column\" data-e-type=\"column\">\n\t\t\t<div class=\"elementor-widget-wrap\">\n\t\t\t\t\t\t\t<\/div>\n\t\t<\/div>\n\t\t\t\t\t<\/div>\n\t\t<\/section>\n\t\t\t\t<\/div>","protected":false},"excerpt":{"rendered":"<p>Laborat\u00f3riumi m\u00e9rlegek, ipari m\u00e9rlegek Analitikai m\u00e9rlegek Nedvess\u00e9g Meghat\u00e1roz\u00f3 M\u00e9rlegek Ipari Kivitel\u0171 M\u00e9rlegek Prec\u00edzi\u00f3s M\u00e9rlegek<\/p>","protected":false},"author":1,"featured_media":0,"parent":0,"menu_order":0,"comment_status":"closed","ping_status":"closed","template":"","meta":{"site-sidebar-layout":"no-sidebar","site-content-layout":"page-builder","ast-site-content-layout":"","site-content-style":"default","site-sidebar-style":"default","ast-global-header-display":"","ast-banner-title-visibility":"","ast-main-header-display":"","ast-hfb-above-header-display":"","ast-hfb-below-header-display":"","ast-hfb-mobile-header-display":"","site-post-title":"disabled","ast-breadcrumbs-content":"","ast-featured-img":"disabled","footer-sml-layout":"","theme-transparent-header-meta":"","adv-header-id-meta":"","stick-header-meta":"","header-above-stick-meta":"","header-main-stick-meta":"","header-below-stick-meta":"","astra-migrate-meta-layouts":"default","ast-page-background-enabled":"default","ast-page-background-meta":{"desktop":{"background-color":"var(--ast-global-color-4)","background-image":"","background-repeat":"repeat","background-position":"center center","background-size":"auto","background-attachment":"scroll","background-type":"","background-media":"","overlay-type":"","overlay-color":"","overlay-opacity":"","overlay-gradient":""},"tablet":{"background-color":"","background-image":"","background-repeat":"repeat","background-position":"center center","background-size":"auto","background-attachment":"scroll","background-type":"","background-media":"","overlay-type":"","overlay-color":"","overlay-opacity":"","overlay-gradient":""},"mobile":{"background-color":"","background-image":"","background-repeat":"repeat","background-position":"center center","background-size":"auto","background-attachment":"scroll","background-type":"","background-media":"","overlay-type":"","overlay-color":"","overlay-opacity":"","overlay-gradient":""}},"ast-content-background-meta":{"desktop":{"background-color":"var(--ast-global-color-5)","background-image":"","background-repeat":"repeat","background-position":"center center","background-size":"auto","background-attachment":"scroll","background-type":"","background-media":"","overlay-type":"","overlay-color":"","overlay-opacity":"","overlay-gradient":""},"tablet":{"background-color":"var(--ast-global-color-5)","background-image":"","background-repeat":"repeat","background-position":"center center","background-size":"auto","background-attachment":"scroll","background-type":"","background-media":"","overlay-type":"","overlay-color":"","overlay-opacity":"","overlay-gradient":""},"mobile":{"background-color":"var(--ast-global-color-5)","background-image":"","background-repeat":"repeat","background-position":"center center","background-size":"auto","background-attachment":"scroll","background-type":"","background-media":"","overlay-type":"","overlay-color":"","overlay-opacity":"","overlay-gradient":""}},"_jf_save_progress":"","_jf_schedule_form":"","_jf_limit_responses":"","_jet_sm_ready_style":"","_jet_sm_style":"","_jet_sm_controls_values":"","_jet_sm_fonts_collection":"","_jet_sm_fonts_links":"","footnotes":""},"class_list":["post-3809","page","type-page","status-publish","hentry"],"_links":{"self":[{"href":"https:\/\/science-solution.com\/en\/wp-json\/wp\/v2\/pages\/3809","targetHints":{"allow":["GET"]}}],"collection":[{"href":"https:\/\/science-solution.com\/en\/wp-json\/wp\/v2\/pages"}],"about":[{"href":"https:\/\/science-solution.com\/en\/wp-json\/wp\/v2\/types\/page"}],"author":[{"embeddable":true,"href":"https:\/\/science-solution.com\/en\/wp-json\/wp\/v2\/users\/1"}],"replies":[{"embeddable":true,"href":"https:\/\/science-solution.com\/en\/wp-json\/wp\/v2\/comments?post=3809"}],"version-history":[{"count":70,"href":"https:\/\/science-solution.com\/en\/wp-json\/wp\/v2\/pages\/3809\/revisions"}],"predecessor-version":[{"id":11146,"href":"https:\/\/science-solution.com\/en\/wp-json\/wp\/v2\/pages\/3809\/revisions\/11146"}],"wp:attachment":[{"href":"https:\/\/science-solution.com\/en\/wp-json\/wp\/v2\/media?parent=3809"}],"curies":[{"name":"wp","href":"https:\/\/api.w.org\/{rel}","templated":true}]}}