{"id":10475,"date":"2024-08-22T13:34:40","date_gmt":"2024-08-22T13:34:40","guid":{"rendered":"https:\/\/science-solution.com\/?page_id=10475"},"modified":"2024-09-30T17:33:05","modified_gmt":"2024-09-30T17:33:05","slug":"fizikai-parametereket-mero-eszkozok","status":"publish","type":"page","link":"https:\/\/science-solution.com\/en\/fizikai-parametereket-mero-eszkozok\/","title":{"rendered":"Instruments for Measuring Physical Parameters"},"content":{"rendered":"<div data-elementor-type=\"wp-page\" data-elementor-id=\"10475\" class=\"elementor elementor-10475\">\n\t\t\t\t\t\t<section class=\"elementor-section elementor-top-section elementor-element elementor-element-df75bb2 elementor-section-boxed elementor-section-height-default elementor-section-height-default\" data-id=\"df75bb2\" data-element_type=\"section\" data-e-type=\"section\" data-settings=\"{&quot;background_background&quot;:&quot;classic&quot;,&quot;jet_parallax_layout_list&quot;:[]}\">\n\t\t\t\t\t\t\t<div class=\"elementor-background-overlay\"><\/div>\n\t\t\t\t\t\t\t<div class=\"elementor-container elementor-column-gap-default\">\n\t\t\t\t\t<div class=\"elementor-column elementor-col-100 elementor-top-column elementor-element elementor-element-63b1cfb\" data-id=\"63b1cfb\" data-element_type=\"column\" data-e-type=\"column\">\n\t\t\t<div class=\"elementor-widget-wrap elementor-element-populated\">\n\t\t\t\t\t\t<div class=\"elementor-element elementor-element-9bdcc24 elementor-widget elementor-widget-heading\" data-id=\"9bdcc24\" data-element_type=\"widget\" data-e-type=\"widget\" data-widget_type=\"heading.default\">\n\t\t\t\t<div class=\"elementor-widget-container\">\n\t\t\t\t\t<h1 class=\"elementor-heading-title elementor-size-default\">Instruments for measuring physical parameters and materials testing<\/h1>\t\t\t\t<\/div>\n\t\t\t\t<\/div>\n\t\t\t\t\t<\/div>\n\t\t<\/div>\n\t\t\t\t\t<\/div>\n\t\t<\/section>\n\t\t\t\t<section class=\"elementor-section elementor-top-section elementor-element elementor-element-5dafb0c elementor-section-boxed elementor-section-height-default elementor-section-height-default\" data-id=\"5dafb0c\" data-element_type=\"section\" data-e-type=\"section\" data-settings=\"{&quot;jet_parallax_layout_list&quot;:[]}\">\n\t\t\t\t\t\t<div class=\"elementor-container elementor-column-gap-default\">\n\t\t\t\t\t<div class=\"elementor-column elementor-col-33 elementor-top-column elementor-element elementor-element-edb5982\" data-id=\"edb5982\" data-element_type=\"column\" data-e-type=\"column\">\n\t\t\t<div class=\"elementor-widget-wrap elementor-element-populated\">\n\t\t\t\t\t\t<div class=\"elementor-element elementor-element-b8e11f5 elementor-widget elementor-widget-image\" data-id=\"b8e11f5\" data-element_type=\"widget\" data-e-type=\"widget\" data-widget_type=\"image.default\">\n\t\t\t\t<div class=\"elementor-widget-container\">\n\t\t\t\t\t\t\t\t\t\t\t\t\t\t\t\t<a href=\"https:\/\/science-solution.com\/en\/kemenysegmerok\/\">\n\t\t\t\t\t\t\t<img fetchpriority=\"high\" decoding=\"async\" width=\"800\" height=\"800\" src=\"https:\/\/science-solution.com\/wp-content\/uploads\/2024\/05\/9054700.jpeg\" class=\"elementor-animation-shrink attachment-large size-large wp-image-8304\" alt=\"\" srcset=\"https:\/\/science-solution.com\/wp-content\/uploads\/2024\/05\/9054700.jpeg 800w, https:\/\/science-solution.com\/wp-content\/uploads\/2024\/05\/9054700-300x300.jpeg 300w, https:\/\/science-solution.com\/wp-content\/uploads\/2024\/05\/9054700-150x150.jpeg 150w, https:\/\/science-solution.com\/wp-content\/uploads\/2024\/05\/9054700-768x768.jpeg 768w, https:\/\/science-solution.com\/wp-content\/uploads\/2024\/05\/9054700-12x12.jpeg 12w, https:\/\/science-solution.com\/wp-content\/uploads\/2024\/05\/9054700-600x600.jpeg 600w, https:\/\/science-solution.com\/wp-content\/uploads\/2024\/05\/9054700-100x100.jpeg 100w\" sizes=\"(max-width: 800px) 100vw, 800px\" \/>\t\t\t\t\t\t\t\t<\/a>\n\t\t\t\t\t\t\t\t\t\t\t\t\t\t\t<\/div>\n\t\t\t\t<\/div>\n\t\t\t\t<div class=\"elementor-element elementor-element-f6e4278 elementor-widget elementor-widget-heading\" data-id=\"f6e4278\" data-element_type=\"widget\" data-e-type=\"widget\" data-widget_type=\"heading.default\">\n\t\t\t\t<div class=\"elementor-widget-container\">\n\t\t\t\t\t<h6 class=\"elementor-heading-title elementor-size-default\"><a href=\"https:\/\/science-solution.com\/en\/kemenysegmerok\/\">Hardness Testers<\/a><\/h6>\t\t\t\t<\/div>\n\t\t\t\t<\/div>\n\t\t\t\t\t<\/div>\n\t\t<\/div>\n\t\t\t\t<div class=\"elementor-column elementor-col-33 elementor-top-column elementor-element elementor-element-7d701f5\" data-id=\"7d701f5\" data-element_type=\"column\" data-e-type=\"column\">\n\t\t\t<div class=\"elementor-widget-wrap elementor-element-populated\">\n\t\t\t\t\t\t<div class=\"elementor-element elementor-element-471fc33 elementor-widget elementor-widget-image\" data-id=\"471fc33\" data-element_type=\"widget\" data-e-type=\"widget\" data-widget_type=\"image.default\">\n\t\t\t\t<div class=\"elementor-widget-container\">\n\t\t\t\t\t\t\t\t\t\t\t\t\t\t\t\t<a href=\"https:\/\/science-solution.com\/en\/fenymero-muszerek\/\">\n\t\t\t\t\t\t\t<img decoding=\"async\" width=\"561\" height=\"561\" src=\"https:\/\/science-solution.com\/wp-content\/uploads\/2024\/08\/SP-200K-copy.jpg\" class=\"elementor-animation-shrink attachment-large size-large wp-image-10482\" alt=\"\" srcset=\"https:\/\/science-solution.com\/wp-content\/uploads\/2024\/08\/SP-200K-copy.jpg 561w, https:\/\/science-solution.com\/wp-content\/uploads\/2024\/08\/SP-200K-copy-300x300.jpg 300w, https:\/\/science-solution.com\/wp-content\/uploads\/2024\/08\/SP-200K-copy-150x150.jpg 150w, https:\/\/science-solution.com\/wp-content\/uploads\/2024\/08\/SP-200K-copy-12x12.jpg 12w, https:\/\/science-solution.com\/wp-content\/uploads\/2024\/08\/SP-200K-copy-100x100.jpg 100w\" sizes=\"(max-width: 561px) 100vw, 561px\" \/>\t\t\t\t\t\t\t\t<\/a>\n\t\t\t\t\t\t\t\t\t\t\t\t\t\t\t<\/div>\n\t\t\t\t<\/div>\n\t\t\t\t<div class=\"elementor-element elementor-element-be54678 elementor-widget elementor-widget-heading\" data-id=\"be54678\" data-element_type=\"widget\" data-e-type=\"widget\" data-widget_type=\"heading.default\">\n\t\t\t\t<div class=\"elementor-widget-container\">\n\t\t\t\t\t<h6 class=\"elementor-heading-title elementor-size-default\"><a href=\"https:\/\/science-solution.com\/en\/fenymero-muszerek\/\">Light Measurement Instruments<\/a><\/h6>\t\t\t\t<\/div>\n\t\t\t\t<\/div>\n\t\t\t\t\t<\/div>\n\t\t<\/div>\n\t\t\t\t<div class=\"elementor-column elementor-col-33 elementor-top-column elementor-element elementor-element-d92009b\" data-id=\"d92009b\" data-element_type=\"column\" data-e-type=\"column\">\n\t\t\t<div class=\"elementor-widget-wrap elementor-element-populated\">\n\t\t\t\t\t\t<div class=\"elementor-element elementor-element-61edbf4 elementor-widget elementor-widget-image\" data-id=\"61edbf4\" data-element_type=\"widget\" data-e-type=\"widget\" data-widget_type=\"image.default\">\n\t\t\t\t<div class=\"elementor-widget-container\">\n\t\t\t\t\t\t\t\t\t\t\t\t\t\t\t\t<a href=\"https:\/\/science-solution.com\/en\/retegvastagsagmerok\/\">\n\t\t\t\t\t\t\t<img decoding=\"async\" width=\"450\" height=\"450\" src=\"https:\/\/science-solution.com\/wp-content\/uploads\/2024\/08\/TF-1250-0_1FN-copy.jpg\" class=\"elementor-animation-shrink attachment-large size-large wp-image-10489\" alt=\"\" srcset=\"https:\/\/science-solution.com\/wp-content\/uploads\/2024\/08\/TF-1250-0_1FN-copy.jpg 450w, https:\/\/science-solution.com\/wp-content\/uploads\/2024\/08\/TF-1250-0_1FN-copy-300x300.jpg 300w, https:\/\/science-solution.com\/wp-content\/uploads\/2024\/08\/TF-1250-0_1FN-copy-150x150.jpg 150w, https:\/\/science-solution.com\/wp-content\/uploads\/2024\/08\/TF-1250-0_1FN-copy-12x12.jpg 12w, https:\/\/science-solution.com\/wp-content\/uploads\/2024\/08\/TF-1250-0_1FN-copy-100x100.jpg 100w\" sizes=\"(max-width: 450px) 100vw, 450px\" \/>\t\t\t\t\t\t\t\t<\/a>\n\t\t\t\t\t\t\t\t\t\t\t\t\t\t\t<\/div>\n\t\t\t\t<\/div>\n\t\t\t\t<div class=\"elementor-element elementor-element-34a8d2e elementor-widget elementor-widget-heading\" data-id=\"34a8d2e\" data-element_type=\"widget\" data-e-type=\"widget\" data-widget_type=\"heading.default\">\n\t\t\t\t<div class=\"elementor-widget-container\">\n\t\t\t\t\t<h6 class=\"elementor-heading-title elementor-size-default\"><a href=\"https:\/\/science-solution.com\/en\/retegvastagsagmerok\/\">Coating Thickness Gauges<\/a><\/h6>\t\t\t\t<\/div>\n\t\t\t\t<\/div>\n\t\t\t\t\t<\/div>\n\t\t<\/div>\n\t\t\t\t\t<\/div>\n\t\t<\/section>\n\t\t\t\t<section class=\"elementor-section elementor-top-section elementor-element elementor-element-ebf5390 elementor-section-boxed elementor-section-height-default elementor-section-height-default\" data-id=\"ebf5390\" data-element_type=\"section\" data-e-type=\"section\" data-settings=\"{&quot;jet_parallax_layout_list&quot;:[]}\">\n\t\t\t\t\t\t<div class=\"elementor-container elementor-column-gap-default\">\n\t\t\t\t\t<div class=\"elementor-column elementor-col-33 elementor-top-column elementor-element elementor-element-e55a420\" data-id=\"e55a420\" data-element_type=\"column\" data-e-type=\"column\">\n\t\t\t<div class=\"elementor-widget-wrap elementor-element-populated\">\n\t\t\t\t\t\t<div class=\"elementor-element elementor-element-b3b1eb1 elementor-widget elementor-widget-image\" data-id=\"b3b1eb1\" data-element_type=\"widget\" data-e-type=\"widget\" data-widget_type=\"image.default\">\n\t\t\t\t<div class=\"elementor-widget-container\">\n\t\t\t\t\t\t\t\t\t\t\t\t\t\t\t\t<a href=\"https:\/\/science-solution.com\/en\/anyagvastagsagmerok\/\">\n\t\t\t\t\t\t\t<img loading=\"lazy\" decoding=\"async\" width=\"718\" height=\"718\" src=\"https:\/\/science-solution.com\/wp-content\/uploads\/2024\/08\/TO-100-0_01EE-copy.jpg\" class=\"elementor-animation-shrink attachment-large size-large wp-image-10497\" alt=\"\" srcset=\"https:\/\/science-solution.com\/wp-content\/uploads\/2024\/08\/TO-100-0_01EE-copy.jpg 718w, https:\/\/science-solution.com\/wp-content\/uploads\/2024\/08\/TO-100-0_01EE-copy-300x300.jpg 300w, https:\/\/science-solution.com\/wp-content\/uploads\/2024\/08\/TO-100-0_01EE-copy-150x150.jpg 150w, https:\/\/science-solution.com\/wp-content\/uploads\/2024\/08\/TO-100-0_01EE-copy-12x12.jpg 12w, https:\/\/science-solution.com\/wp-content\/uploads\/2024\/08\/TO-100-0_01EE-copy-600x600.jpg 600w, https:\/\/science-solution.com\/wp-content\/uploads\/2024\/08\/TO-100-0_01EE-copy-100x100.jpg 100w\" sizes=\"(max-width: 718px) 100vw, 718px\" \/>\t\t\t\t\t\t\t\t<\/a>\n\t\t\t\t\t\t\t\t\t\t\t\t\t\t\t<\/div>\n\t\t\t\t<\/div>\n\t\t\t\t<div class=\"elementor-element elementor-element-c75196c elementor-widget elementor-widget-heading\" data-id=\"c75196c\" data-element_type=\"widget\" data-e-type=\"widget\" data-widget_type=\"heading.default\">\n\t\t\t\t<div class=\"elementor-widget-container\">\n\t\t\t\t\t<h6 class=\"elementor-heading-title elementor-size-default\"><a href=\"https:\/\/science-solution.com\/en\/anyagvastagsagmerok\/\">Material thickness gauges<\/a><\/h6>\t\t\t\t<\/div>\n\t\t\t\t<\/div>\n\t\t\t\t\t<\/div>\n\t\t<\/div>\n\t\t\t\t<div class=\"elementor-column elementor-col-33 elementor-top-column elementor-element elementor-element-c2b7a6d\" data-id=\"c2b7a6d\" data-element_type=\"column\" data-e-type=\"column\">\n\t\t\t<div class=\"elementor-widget-wrap elementor-element-populated\">\n\t\t\t\t\t\t<div class=\"elementor-element elementor-element-0ff3730 elementor-widget elementor-widget-image\" data-id=\"0ff3730\" data-element_type=\"widget\" data-e-type=\"widget\" data-widget_type=\"image.default\">\n\t\t\t\t<div class=\"elementor-widget-container\">\n\t\t\t\t\t\t\t\t\t\t\t\t\t\t\t\t<a href=\"https:\/\/science-solution.com\/en\/eromerok-sulymerok\/\">\n\t\t\t\t\t\t\t<img loading=\"lazy\" decoding=\"async\" width=\"406\" height=\"406\" src=\"https:\/\/science-solution.com\/wp-content\/uploads\/2024\/08\/FH-M.jpg-copy.jpg\" class=\"elementor-animation-shrink attachment-large size-large wp-image-10510\" alt=\"\" srcset=\"https:\/\/science-solution.com\/wp-content\/uploads\/2024\/08\/FH-M.jpg-copy.jpg 406w, https:\/\/science-solution.com\/wp-content\/uploads\/2024\/08\/FH-M.jpg-copy-300x300.jpg 300w, https:\/\/science-solution.com\/wp-content\/uploads\/2024\/08\/FH-M.jpg-copy-150x150.jpg 150w, https:\/\/science-solution.com\/wp-content\/uploads\/2024\/08\/FH-M.jpg-copy-12x12.jpg 12w, https:\/\/science-solution.com\/wp-content\/uploads\/2024\/08\/FH-M.jpg-copy-100x100.jpg 100w\" sizes=\"(max-width: 406px) 100vw, 406px\" \/>\t\t\t\t\t\t\t\t<\/a>\n\t\t\t\t\t\t\t\t\t\t\t\t\t\t\t<\/div>\n\t\t\t\t<\/div>\n\t\t\t\t<div class=\"elementor-element elementor-element-998558f elementor-widget elementor-widget-heading\" data-id=\"998558f\" data-element_type=\"widget\" data-e-type=\"widget\" data-widget_type=\"heading.default\">\n\t\t\t\t<div class=\"elementor-widget-container\">\n\t\t\t\t\t<h6 class=\"elementor-heading-title elementor-size-default\"><a href=\"https:\/\/science-solution.com\/en\/eromerok-sulymerok\/\">Force gauges<\/a><\/h6>\t\t\t\t<\/div>\n\t\t\t\t<\/div>\n\t\t\t\t\t<\/div>\n\t\t<\/div>\n\t\t\t\t<div class=\"elementor-column elementor-col-33 elementor-top-column elementor-element elementor-element-2ab3038\" data-id=\"2ab3038\" data-element_type=\"column\" data-e-type=\"column\">\n\t\t\t<div class=\"elementor-widget-wrap elementor-element-populated\">\n\t\t\t\t\t\t<div class=\"elementor-element elementor-element-f97253e elementor-widget elementor-widget-image\" data-id=\"f97253e\" data-element_type=\"widget\" data-e-type=\"widget\" data-widget_type=\"image.default\">\n\t\t\t\t<div class=\"elementor-widget-container\">\n\t\t\t\t\t\t\t\t\t\t\t\t\t\t\t\t<a href=\"https:\/\/science-solution.com\/en\/femek-kemenysegmeroi\/\">\n\t\t\t\t\t\t\t<img loading=\"lazy\" decoding=\"async\" width=\"441\" height=\"441\" src=\"https:\/\/science-solution.com\/wp-content\/uploads\/2024\/08\/HMO-copy.jpg\" class=\"elementor-animation-shrink attachment-large size-large wp-image-10517\" alt=\"\" srcset=\"https:\/\/science-solution.com\/wp-content\/uploads\/2024\/08\/HMO-copy.jpg 441w, https:\/\/science-solution.com\/wp-content\/uploads\/2024\/08\/HMO-copy-300x300.jpg 300w, https:\/\/science-solution.com\/wp-content\/uploads\/2024\/08\/HMO-copy-150x150.jpg 150w, https:\/\/science-solution.com\/wp-content\/uploads\/2024\/08\/HMO-copy-12x12.jpg 12w, https:\/\/science-solution.com\/wp-content\/uploads\/2024\/08\/HMO-copy-100x100.jpg 100w\" sizes=\"(max-width: 441px) 100vw, 441px\" \/>\t\t\t\t\t\t\t\t<\/a>\n\t\t\t\t\t\t\t\t\t\t\t\t\t\t\t<\/div>\n\t\t\t\t<\/div>\n\t\t\t\t<div class=\"elementor-element elementor-element-6201bfc elementor-widget elementor-widget-heading\" data-id=\"6201bfc\" data-element_type=\"widget\" data-e-type=\"widget\" data-widget_type=\"heading.default\">\n\t\t\t\t<div class=\"elementor-widget-container\">\n\t\t\t\t\t<h6 class=\"elementor-heading-title elementor-size-default\"><a href=\"https:\/\/science-solution.com\/en\/femek-kemenysegmeroi\/\">Hardness tester of metals<\/a><\/h6>\t\t\t\t<\/div>\n\t\t\t\t<\/div>\n\t\t\t\t\t<\/div>\n\t\t<\/div>\n\t\t\t\t\t<\/div>\n\t\t<\/section>\n\t\t\t\t<section class=\"elementor-section elementor-top-section elementor-element elementor-element-b0711c8 elementor-section-boxed elementor-section-height-default elementor-section-height-default\" data-id=\"b0711c8\" data-element_type=\"section\" data-e-type=\"section\" data-settings=\"{&quot;jet_parallax_layout_list&quot;:[]}\">\n\t\t\t\t\t\t<div class=\"elementor-container elementor-column-gap-default\">\n\t\t\t\t\t<div class=\"elementor-column elementor-col-33 elementor-top-column elementor-element elementor-element-1dec0f9\" data-id=\"1dec0f9\" data-element_type=\"column\" data-e-type=\"column\">\n\t\t\t<div class=\"elementor-widget-wrap elementor-element-populated\">\n\t\t\t\t\t\t<div class=\"elementor-element elementor-element-fb57581 elementor-widget elementor-widget-image\" data-id=\"fb57581\" data-element_type=\"widget\" data-e-type=\"widget\" data-widget_type=\"image.default\">\n\t\t\t\t<div class=\"elementor-widget-container\">\n\t\t\t\t\t\t\t\t\t\t\t\t\t\t\t\t<a href=\"https:\/\/science-solution.com\/en\/precizios-meroorak\/\">\n\t\t\t\t\t\t\t<img loading=\"lazy\" decoding=\"async\" width=\"534\" height=\"535\" src=\"https:\/\/science-solution.com\/wp-content\/uploads\/2024\/09\/Spezialmessgeraete_01.jpg\" class=\"elementor-animation-shrink attachment-large size-large wp-image-11113\" alt=\"\" srcset=\"https:\/\/science-solution.com\/wp-content\/uploads\/2024\/09\/Spezialmessgeraete_01.jpg 534w, https:\/\/science-solution.com\/wp-content\/uploads\/2024\/09\/Spezialmessgeraete_01-300x300.jpg 300w, https:\/\/science-solution.com\/wp-content\/uploads\/2024\/09\/Spezialmessgeraete_01-150x150.jpg 150w, https:\/\/science-solution.com\/wp-content\/uploads\/2024\/09\/Spezialmessgeraete_01-12x12.jpg 12w, https:\/\/science-solution.com\/wp-content\/uploads\/2024\/09\/Spezialmessgeraete_01-100x100.jpg 100w\" sizes=\"(max-width: 534px) 100vw, 534px\" \/>\t\t\t\t\t\t\t\t<\/a>\n\t\t\t\t\t\t\t\t\t\t\t\t\t\t\t<\/div>\n\t\t\t\t<\/div>\n\t\t\t\t<div class=\"elementor-element elementor-element-ac6eea0 elementor-widget elementor-widget-heading\" data-id=\"ac6eea0\" data-element_type=\"widget\" data-e-type=\"widget\" data-widget_type=\"heading.default\">\n\t\t\t\t<div class=\"elementor-widget-container\">\n\t\t\t\t\t<h6 class=\"elementor-heading-title elementor-size-default\"><a href=\"https:\/\/science-solution.com\/en\/precizios-meroorak\/\">Precision Dial Gauges<\/a><\/h6>\t\t\t\t<\/div>\n\t\t\t\t<\/div>\n\t\t\t\t\t<\/div>\n\t\t<\/div>\n\t\t\t\t<div class=\"elementor-column elementor-col-33 elementor-top-column elementor-element elementor-element-e12d1c7\" data-id=\"e12d1c7\" data-element_type=\"column\" data-e-type=\"column\">\n\t\t\t<div class=\"elementor-widget-wrap elementor-element-populated\">\n\t\t\t\t\t\t<div class=\"elementor-element elementor-element-2ba82d9 elementor-widget elementor-widget-image\" data-id=\"2ba82d9\" data-element_type=\"widget\" data-e-type=\"widget\" data-widget_type=\"image.default\">\n\t\t\t\t<div class=\"elementor-widget-container\">\n\t\t\t\t\t\t\t\t\t\t\t\t\t\t\t\t<a href=\"https:\/\/science-solution.com\/en\/metallografiai-berendezesek\/\">\n\t\t\t\t\t\t\t<img loading=\"lazy\" decoding=\"async\" width=\"800\" height=\"800\" src=\"https:\/\/science-solution.com\/wp-content\/uploads\/2024\/05\/8290894.jpg\" class=\"elementor-animation-shrink attachment-large size-large wp-image-8707\" alt=\"\" srcset=\"https:\/\/science-solution.com\/wp-content\/uploads\/2024\/05\/8290894.jpg 800w, https:\/\/science-solution.com\/wp-content\/uploads\/2024\/05\/8290894-300x300.jpg 300w, https:\/\/science-solution.com\/wp-content\/uploads\/2024\/05\/8290894-150x150.jpg 150w, https:\/\/science-solution.com\/wp-content\/uploads\/2024\/05\/8290894-768x768.jpg 768w, https:\/\/science-solution.com\/wp-content\/uploads\/2024\/05\/8290894-12x12.jpg 12w, https:\/\/science-solution.com\/wp-content\/uploads\/2024\/05\/8290894-600x600.jpg 600w, https:\/\/science-solution.com\/wp-content\/uploads\/2024\/05\/8290894-100x100.jpg 100w\" sizes=\"(max-width: 800px) 100vw, 800px\" \/>\t\t\t\t\t\t\t\t<\/a>\n\t\t\t\t\t\t\t\t\t\t\t\t\t\t\t<\/div>\n\t\t\t\t<\/div>\n\t\t\t\t<div class=\"elementor-element elementor-element-18b569a elementor-widget elementor-widget-heading\" data-id=\"18b569a\" data-element_type=\"widget\" data-e-type=\"widget\" data-widget_type=\"heading.default\">\n\t\t\t\t<div class=\"elementor-widget-container\">\n\t\t\t\t\t<h6 class=\"elementor-heading-title elementor-size-default\"><a href=\"https:\/\/science-solution.com\/en\/metallografiai-berendezesek\/\">Metallographic equipment<\/a><\/h6>\t\t\t\t<\/div>\n\t\t\t\t<\/div>\n\t\t\t\t\t<\/div>\n\t\t<\/div>\n\t\t\t\t<div class=\"elementor-column elementor-col-33 elementor-top-column elementor-element elementor-element-9386d3e\" data-id=\"9386d3e\" data-element_type=\"column\" data-e-type=\"column\">\n\t\t\t<div class=\"elementor-widget-wrap elementor-element-populated\">\n\t\t\t\t\t\t<div class=\"elementor-element elementor-element-de35596 elementor-widget elementor-widget-image\" data-id=\"de35596\" data-element_type=\"widget\" data-e-type=\"widget\" data-widget_type=\"image.default\">\n\t\t\t\t<div class=\"elementor-widget-container\">\n\t\t\t\t\t\t\t\t\t\t\t\t\t\t\t\t<a href=\"https:\/\/science-solution.com\/en\/promag\/\">\n\t\t\t\t\t\t\t<img loading=\"lazy\" decoding=\"async\" width=\"1024\" height=\"1024\" src=\"https:\/\/science-solution.com\/wp-content\/uploads\/2024\/09\/VIC\u2161-2-1024x1024.png\" class=\"elementor-animation-shrink attachment-large size-large wp-image-10958\" alt=\"\" srcset=\"https:\/\/science-solution.com\/wp-content\/uploads\/2024\/09\/VIC\u2161-2-1024x1024.png 1024w, https:\/\/science-solution.com\/wp-content\/uploads\/2024\/09\/VIC\u2161-2-300x300.png 300w, https:\/\/science-solution.com\/wp-content\/uploads\/2024\/09\/VIC\u2161-2-150x150.png 150w, https:\/\/science-solution.com\/wp-content\/uploads\/2024\/09\/VIC\u2161-2-768x768.png 768w, https:\/\/science-solution.com\/wp-content\/uploads\/2024\/09\/VIC\u2161-2-12x12.png 12w, https:\/\/science-solution.com\/wp-content\/uploads\/2024\/09\/VIC\u2161-2-600x600.png 600w, https:\/\/science-solution.com\/wp-content\/uploads\/2024\/09\/VIC\u2161-2-100x100.png 100w, https:\/\/science-solution.com\/wp-content\/uploads\/2024\/09\/VIC\u2161-2.png 1240w\" sizes=\"(max-width: 1024px) 100vw, 1024px\" \/>\t\t\t\t\t\t\t\t<\/a>\n\t\t\t\t\t\t\t\t\t\t\t\t\t\t\t<\/div>\n\t\t\t\t<\/div>\n\t\t\t\t<div class=\"elementor-element elementor-element-9ca3dce elementor-widget elementor-widget-heading\" data-id=\"9ca3dce\" data-element_type=\"widget\" data-e-type=\"widget\" data-widget_type=\"heading.default\">\n\t\t\t\t<div class=\"elementor-widget-container\">\n\t\t\t\t\t<h6 class=\"elementor-heading-title elementor-size-default\"><a href=\"https:\/\/science-solution.com\/en\/promag\/\">Non Destructive Testing<\/a><\/h6>\t\t\t\t<\/div>\n\t\t\t\t<\/div>\n\t\t\t\t\t<\/div>\n\t\t<\/div>\n\t\t\t\t\t<\/div>\n\t\t<\/section>\n\t\t\t\t<\/div>","protected":false},"excerpt":{"rendered":"<p>Fizikai param\u00e9tereket m\u00e9r\u0151 eszk\u00f6z\u00f6k \u00e9s anyagvizsg\u00e1lat Kem\u00e9nys\u00e9gm\u00e9r\u0151k F\u00e9nym\u00e9r\u0151 M\u0171szerek R\u00e9tegvastags\u00e1gm\u00e9r\u0151k Anyagvastags\u00e1gm\u00e9r\u0151k Er\u0151m\u00e9r\u0151 F\u00e9mek kem\u00e9nys\u00e9gm\u00e9r\u0151i Prec\u00edzi\u00f3s m\u00e9r\u0151\u00f3r\u00e1k Metallogr\u00e1fiai berendez\u00e9sek Roncsol\u00e1smentes vizsg\u00e1lat<\/p>","protected":false},"author":1,"featured_media":0,"parent":0,"menu_order":0,"comment_status":"closed","ping_status":"closed","template":"","meta":{"site-sidebar-layout":"no-sidebar","site-content-layout":"page-builder","ast-site-content-layout":"","site-content-style":"default","site-sidebar-style":"default","ast-global-header-display":"","ast-banner-title-visibility":"","ast-main-header-display":"","ast-hfb-above-header-display":"","ast-hfb-below-header-display":"","ast-hfb-mobile-header-display":"","site-post-title":"disabled","ast-breadcrumbs-content":"","ast-featured-img":"disabled","footer-sml-layout":"","theme-transparent-header-meta":"","adv-header-id-meta":"","stick-header-meta":"","header-above-stick-meta":"","header-main-stick-meta":"","header-below-stick-meta":"","astra-migrate-meta-layouts":"default","ast-page-background-enabled":"default","ast-page-background-meta":{"desktop":{"background-color":"var(--ast-global-color-4)","background-image":"","background-repeat":"repeat","background-position":"center center","background-size":"auto","background-attachment":"scroll","background-type":"","background-media":"","overlay-type":"","overlay-color":"","overlay-opacity":"","overlay-gradient":""},"tablet":{"background-color":"","background-image":"","background-repeat":"repeat","background-position":"center center","background-size":"auto","background-attachment":"scroll","background-type":"","background-media":"","overlay-type":"","overlay-color":"","overlay-opacity":"","overlay-gradient":""},"mobile":{"background-color":"","background-image":"","background-repeat":"repeat","background-position":"center center","background-size":"auto","background-attachment":"scroll","background-type":"","background-media":"","overlay-type":"","overlay-color":"","overlay-opacity":"","overlay-gradient":""}},"ast-content-background-meta":{"desktop":{"background-color":"var(--ast-global-color-5)","background-image":"","background-repeat":"repeat","background-position":"center center","background-size":"auto","background-attachment":"scroll","background-type":"","background-media":"","overlay-type":"","overlay-color":"","overlay-opacity":"","overlay-gradient":""},"tablet":{"background-color":"var(--ast-global-color-5)","background-image":"","background-repeat":"repeat","background-position":"center center","background-size":"auto","background-attachment":"scroll","background-type":"","background-media":"","overlay-type":"","overlay-color":"","overlay-opacity":"","overlay-gradient":""},"mobile":{"background-color":"var(--ast-global-color-5)","background-image":"","background-repeat":"repeat","background-position":"center center","background-size":"auto","background-attachment":"scroll","background-type":"","background-media":"","overlay-type":"","overlay-color":"","overlay-opacity":"","overlay-gradient":""}},"_jf_save_progress":"","_jf_schedule_form":"","_jf_limit_responses":"","_jet_sm_ready_style":"","_jet_sm_style":"","_jet_sm_controls_values":"","_jet_sm_fonts_collection":"","_jet_sm_fonts_links":"","footnotes":""},"class_list":["post-10475","page","type-page","status-publish","hentry"],"_links":{"self":[{"href":"https:\/\/science-solution.com\/en\/wp-json\/wp\/v2\/pages\/10475","targetHints":{"allow":["GET"]}}],"collection":[{"href":"https:\/\/science-solution.com\/en\/wp-json\/wp\/v2\/pages"}],"about":[{"href":"https:\/\/science-solution.com\/en\/wp-json\/wp\/v2\/types\/page"}],"author":[{"embeddable":true,"href":"https:\/\/science-solution.com\/en\/wp-json\/wp\/v2\/users\/1"}],"replies":[{"embeddable":true,"href":"https:\/\/science-solution.com\/en\/wp-json\/wp\/v2\/comments?post=10475"}],"version-history":[{"count":112,"href":"https:\/\/science-solution.com\/en\/wp-json\/wp\/v2\/pages\/10475\/revisions"}],"predecessor-version":[{"id":11471,"href":"https:\/\/science-solution.com\/en\/wp-json\/wp\/v2\/pages\/10475\/revisions\/11471"}],"wp:attachment":[{"href":"https:\/\/science-solution.com\/en\/wp-json\/wp\/v2\/media?parent=10475"}],"curies":[{"name":"wp","href":"https:\/\/api.w.org\/{rel}","templated":true}]}}